{"id":306218,"date":"2023-02-28T20:41:17","date_gmt":"2023-02-28T20:41:17","guid":{"rendered":"https:\/\/potenza-medica.si\/trgovina\/?post_type=product&#038;p=306218"},"modified":"2023-03-22T19:41:51","modified_gmt":"2023-03-22T19:41:51","slug":"profertil-180","status":"publish","type":"product","link":"https:\/\/potenza-medica.si\/trgovina\/izdelek\/profertil-180\/","title":{"rendered":"PROfertil 180"},"content":{"rendered":"<h5><strong>Opis izdelka<\/strong><\/h5>\n<p>Te\u017eave s plodnostjo so pri mo\u0161kih ve\u010dinoma povezane z motnjami v spermatogenezi. Pri tem telo potrebuje razli\u010dne hranilne snovi. Dokazano je, da je z redno in usmerjeno oskrbo z uravnote\u017eeno kombinacijo to\u010dno dolo\u010denih hranil, ki jih je mo\u010d dobiti z dopolnilom PROfertil v zadostnih koli\u010dinah, mogo\u010de s prehrano vplivati na naraven proces tvorbe semen\u010dic. PROfertil u\u010dinkovitost in varnost dokazuje na 4 razli\u010dnih klini\u010dnih \u0161tudijah.<\/p>\n<h5><strong>Uporaba PROfertila pri mo\u0161kih<\/strong><\/h5>\n<p><img loading=\"lazy\" decoding=\"async\" class=\"alignnone wp-image-817\" src=\"https:\/\/potenza-medica.si\/trgovina\/wp-content\/uploads\/2020\/10\/Asset-6.png\" alt=\"\" width=\"16\" height=\"14\" \/>\u00a0z zmanj\u0161ano plodnostjo neznanega vzroka (idiopatsko)<br \/>\n<img loading=\"lazy\" decoding=\"async\" class=\"alignnone wp-image-817\" src=\"https:\/\/potenza-medica.si\/trgovina\/wp-content\/uploads\/2020\/10\/Asset-6.png\" alt=\"\" width=\"16\" height=\"14\" \/>\u00a0vklju\u010denih v postopke oploditve z biomedicinsko pomo\u010djo<br \/>\n<img loading=\"lazy\" decoding=\"async\" class=\"alignnone wp-image-817\" src=\"https:\/\/potenza-medica.si\/trgovina\/wp-content\/uploads\/2020\/10\/Asset-6.png\" alt=\"\" width=\"16\" height=\"14\" \/>\u00a0v parih s ponavljajo\u010dimi ne\u017eelenimi prekinitvami nose\u010dnosti<br \/>\n<img loading=\"lazy\" decoding=\"async\" class=\"alignnone wp-image-817\" src=\"https:\/\/potenza-medica.si\/trgovina\/wp-content\/uploads\/2020\/10\/Asset-6.png\" alt=\"\" width=\"16\" height=\"14\" \/>\u00a0z diagnosticirano visoko fragmentacijo DNA semen\u010dic<br \/>\n<img loading=\"lazy\" decoding=\"async\" class=\"alignnone wp-image-817\" src=\"https:\/\/potenza-medica.si\/trgovina\/wp-content\/uploads\/2020\/10\/Asset-6.png\" alt=\"\" width=\"16\" height=\"14\" \/>\u00a0z zmanj\u0161ano plodnostjo pri subklini\u010dni varikokeli<\/p>\n<h5><strong>Sestava PROfertil-a<br \/>\n<\/strong><\/h5>\n<p><strong>Vegi-kapsule:<\/strong><br \/>\nkapsule rastlinskega izvora (celuloza). Ni \u017eivalskih aditivov in se dobro prena\u0161ajo.<\/p>\n<table width=\"335\">\n<tbody>\n<tr>\n<td width=\"152\"><strong>Sestavine<\/strong><\/td>\n<td width=\"163\"><strong>na dan (2 kapsuli)<\/strong><\/td>\n<\/tr>\n<tr>\n<td width=\"152\">L-karnitin<\/td>\n<td width=\"163\">440 mg<\/td>\n<\/tr>\n<tr>\n<td width=\"152\">L-arginin<\/td>\n<td width=\"163\">250 mg<\/td>\n<\/tr>\n<tr>\n<td width=\"152\">koencim Q10<\/td>\n<td width=\"163\">15 mg<\/td>\n<\/tr>\n<tr>\n<td width=\"152\">vitamin E<\/td>\n<td width=\"163\">120 mg<\/td>\n<\/tr>\n<tr>\n<td width=\"152\">cink<\/td>\n<td width=\"163\">40 mg<\/td>\n<\/tr>\n<tr>\n<td width=\"152\">folna kislina<\/td>\n<td width=\"163\">800 mcg<\/td>\n<\/tr>\n<tr>\n<td width=\"152\">glutation<\/td>\n<td width=\"163\">80 mg<\/td>\n<\/tr>\n<tr>\n<td width=\"152\">selen<\/td>\n<td width=\"163\">60 mcg<\/td>\n<\/tr>\n<\/tbody>\n<\/table>\n<h5><strong>Podatki o prehranskih lastnostih<\/strong><\/h5>\n<p>Z rednim vnosom PROfertil-a v skladu s priporo\u010dili za uporabo in glede na dolo\u010dene zna\u010dilnosti vsebovanih hranilnih snovi, je mogo\u010de dose\u010di izbolj\u0161anje v enem ali ve\u010d kriterijih, ki se uporabljajo pri opisovanju kakovosti sperme. Ti kriteriji so navadno: gibljivost in gostota semen\u010dic, volumen ejakulata in stopnja deformacije semen\u010dic (morfologija).<\/p>\n<p>Natan\u010dno dolo\u010dena in s \u0161tudijami podprta sestava PROfertil-a je prilagojena posebnim prehranskim zahtevam in pove\u010danim potrebam mo\u0161kih z motnjo plodnosti po dolo\u010denih hranilih.<\/p>\n<p><strong><img loading=\"lazy\" decoding=\"async\" class=\"alignnone wp-image-823\" src=\"https:\/\/potenza-medica.si\/trgovina\/wp-content\/uploads\/2020\/10\/Asset-3.png\" alt=\"\" width=\"15\" height=\"14\" \/>\u00a0Selen:\u00a0<\/strong>ima vlogo pri nastanku semen\u010dic<br \/>\nOsnovni pogoj za reproduktivno zmo\u017enost pri mo\u0161kih je normalno delovanje spermatogeneze (biolo\u0161ki proces tvorbe semen\u010dic). Normalna spermatogeneza pove\u010duje verjetnost oploditve \u017eenskega jaj\u010deca in tako pove\u010duje verjetnost zanositve.<\/p>\n<p><strong><img loading=\"lazy\" decoding=\"async\" class=\"alignnone wp-image-823\" src=\"https:\/\/potenza-medica.si\/trgovina\/wp-content\/uploads\/2020\/10\/Asset-3.png\" alt=\"\" width=\"15\" height=\"14\" \/>\u00a0Cink:<\/strong>\u00a0ima vlogo pri plodnosti in razmno\u017eevanju<br \/>\nNormalizacija plodnosti in zmo\u017enost razmno\u017eevanja pri mo\u0161kih sta o\u010diten pogoj za zanositev.<\/p>\n<p><strong><img loading=\"lazy\" decoding=\"async\" class=\"alignnone wp-image-823\" src=\"https:\/\/potenza-medica.si\/trgovina\/wp-content\/uploads\/2020\/10\/Asset-3.png\" alt=\"\" width=\"15\" height=\"14\" \/>\u00a0Folat:\u00a0<\/strong>prispeva k presnovi homocisteina<br \/>\nEden poglavitnih razlogov za slabo kakovost mo\u0161ke sperme so povi\u0161ane vrednosti homocisteina v organizmu. Homocistein je snov, ki nastane med presnovo proteinov. Z nalaganjem homocisteina lahko prihaja do motenj v oskrbi testisa s krvjo. Posledi\u010dno sta zmanj\u0161ana tako \u0161tevilo kot gibljivost semen\u010dic.<\/p>\n<p><strong><img loading=\"lazy\" decoding=\"async\" class=\"alignnone wp-image-823\" src=\"https:\/\/potenza-medica.si\/trgovina\/wp-content\/uploads\/2020\/10\/Asset-3.png\" alt=\"\" width=\"15\" height=\"14\" \/>\u00a0Folat:<\/strong>\u00a0prispeva k sintezi aminokislin<br \/>\nNormalizacija sinteze aminokislin je pomemben pogoj za kakovost semen\u010dic. S sintezo aminokislin kot sta lizin in metionin, pride v organizmu do tvorbe L-karnitina. S sintezo aminokislin glutami\u010dne kisline, cisteina in glicina, pa se tvori pomembna u\u010dinkovina glutation.<\/p>\n<p><strong><img loading=\"lazy\" decoding=\"async\" class=\"alignnone wp-image-823\" src=\"https:\/\/potenza-medica.si\/trgovina\/wp-content\/uploads\/2020\/10\/Asset-3.png\" alt=\"\" width=\"15\" height=\"14\" \/>\u00a0Vitamin E in selen:\u00a0<\/strong>imata vlogo pri za\u0161\u010diti celic pred oksidativnim stresom<br \/>\nIzraz \u201cprosti radikali\u201d (RKS \u2013 reaktivne kisikove spojine) se nana\u0161ajo na molekule, ki imajo enega ali ve\u010d neparnih elektronov, ki zlahka reagirajo s svojim okoljem. \u010ce koli\u010dina RKS prese\u017ee fiziolo\u0161ko vrednost, to vodi v oksidativni stres, ta pa v po\u0161kodbo celice. V semenski teko\u010dini oksidativni stres vodi v zmanj\u0161ano koncentracijo in gibljivost semen\u010dic. Prav tako pa oksidativno stres lahko vodi do sprememb v strukturi DNA semen\u010dic (prekinitev verig DNA).<\/p>\n<h5><strong>Navodila za uporabo<\/strong><\/h5>\n<p>Vzemite dve kapsuli na dan med obrokom ali po njem, skupaj z nekaj teko\u010dine.<\/p>\n<p>Kapsule je potrebno jemati vsaj tri mesece, da bi lahko vplivali na vse stopnje spermatogeneze. Priporo\u010dljivo ga je jemati vse do zanositve. \u010ce imate vpra\u0161anja glede optimalnega jemanja ali druga vpra\u0161anja, se posvetujte s svojim zdravnikom.<\/p>\n<h5><strong>Ne\u017eeleni u\u010dinki<\/strong><\/h5>\n<p>V klini\u010dnih \u0161tudijah na PROfertil-u ni pri\u0161lo do ne\u017eelenih u\u010dinkov.<\/p>\n<h5><strong><img loading=\"lazy\" decoding=\"async\" class=\"alignnone wp-image-823\" src=\"https:\/\/potenza-medica.si\/trgovina\/wp-content\/uploads\/2020\/10\/Asset-3.png\" alt=\"\" width=\"16\" height=\"15\" \/>\u00a0Pomembno obvestilo<\/strong><\/h5>\n<p>\u017divilo je potrebno uporabljati pod zdravni\u0161kim nadzorom. Pred prvo uporabo ali ob spremembi priporo\u010denega odmerjanja se posvetujte s svojim zdravnikom. Ni popolno (kompletno) \u017eivilo. Ni primerno za uporabo kot edini vir prehrane. \u017divilo ni nadomestilo za uravnote\u017eeno in raznovrstno prehrano. Pazite na zdrav \u017eivljenjski slog. Shranjevati nedosegljivo otrokom! \u017divilo shranjujte v suhem prostoru, pri temperaturi do 25\u00b0C, za\u0161\u010diteno pred neposredno svetlobo.<\/p>\n","protected":false},"excerpt":{"rendered":"<p>Opis izdelka Te\u017eave s plodnostjo so pri mo\u0161kih ve\u010dinoma povezane z motnjami v spermatogenezi. Pri tem telo potrebuje razli\u010dne hranilne snovi. Dokazano je, da je z redno in usmerjeno oskrbo z uravnote\u017eeno kombinacijo to\u010dno dolo\u010denih hranil, ki jih je mo\u010d dobiti z dopolnilom PROfertil v zadostnih koli\u010dinah, mogo\u010de s prehrano vplivati na naraven proces tvorbe [&hellip;]<\/p>\n","protected":false},"featured_media":1045,"template":"","meta":{"_et_pb_use_builder":"","_et_pb_old_content":"","_et_gb_content_width":"","inline_featured_image":false,"wds_primary_product_brand":0,"wds_primary_product_cat":0},"product_brand":[],"product_cat":[18],"product_tag":[],"class_list":{"0":"post-306218","1":"product","2":"type-product","3":"status-publish","4":"has-post-thumbnail","6":"product_cat-uncategorized","8":"first","9":"outofstock","10":"taxable","11":"shipping-taxable","12":"purchasable","13":"product-type-simple"},"_links":{"self":[{"href":"https:\/\/potenza-medica.si\/trgovina\/wp-json\/wp\/v2\/product\/306218","targetHints":{"allow":["GET"]}}],"collection":[{"href":"https:\/\/potenza-medica.si\/trgovina\/wp-json\/wp\/v2\/product"}],"about":[{"href":"https:\/\/potenza-medica.si\/trgovina\/wp-json\/wp\/v2\/types\/product"}],"wp:featuredmedia":[{"embeddable":true,"href":"https:\/\/potenza-medica.si\/trgovina\/wp-json\/wp\/v2\/media\/1045"}],"wp:attachment":[{"href":"https:\/\/potenza-medica.si\/trgovina\/wp-json\/wp\/v2\/media?parent=306218"}],"wp:term":[{"taxonomy":"product_brand","embeddable":true,"href":"https:\/\/potenza-medica.si\/trgovina\/wp-json\/wp\/v2\/product_brand?post=306218"},{"taxonomy":"product_cat","embeddable":true,"href":"https:\/\/potenza-medica.si\/trgovina\/wp-json\/wp\/v2\/product_cat?post=306218"},{"taxonomy":"product_tag","embeddable":true,"href":"https:\/\/potenza-medica.si\/trgovina\/wp-json\/wp\/v2\/product_tag?post=306218"}],"curies":[{"name":"wp","href":"https:\/\/api.w.org\/{rel}","templated":true}]}}