{"id":409,"date":"2020-10-20T13:42:37","date_gmt":"2020-10-20T13:42:37","guid":{"rendered":"https:\/\/potenza-medica.si\/trgovina\/?post_type=product&#038;p=409"},"modified":"2023-02-17T09:25:11","modified_gmt":"2023-02-17T09:25:11","slug":"nicapur-ferroverde-14","status":"publish","type":"product","link":"https:\/\/potenza-medica.si\/trgovina\/izdelek\/nicapur-ferroverde-14\/","title":{"rendered":"NicaPur Ferroverde 14"},"content":{"rendered":"<p>Prehransko dopolnilo, ki vsebuje \u017eelezo, pridobljeno iz rastlinskega vira, z naravnim vitaminom C iz izvle\u010dka indijske kosmulje (Phyllanthus emblica):<\/p>\n<p>\u2022 Prva oblika \u017eeleza, pridobljena v celoti iz rastlinskega vira.<br \/>\n\u2022 Z visoko stopnjo biorazpolo\u017eljivosti in dobrim prena\u0161anjem.<br \/>\n\u2022 Za izbolj\u0161anje preskrbe z \u017eelezom, posebej v pogojih pove\u010dane potrebe po \u017eelezu.<br \/>\n\u2022 \u017delezo ima vlogo pri nastajanju rde\u010dih krvni\u010dk in hemoglobina, prenosu kisika v telesu, delovanju imunskega sistema in prispeva k spro\u0161\u010danju energije pri presnovi.<\/p>\n<h4><strong>Priporo\u010den dnevni odmerek NicaPur Ferroverde 14 kapsul<\/strong><\/h4>\n<p>1 kapsula na dan z veliko teko\u010dine.<\/p>\n<p>V celoti rastlinskega izvora. Brez ne\u017eelenih u\u010dinkov.<br \/>\nBrez barvil in brez konzervansov. Brez glutena, brez laktoze. Primerno za diabetike.<\/p>\n<div class=\"table-responsive\">\n<table class=\"table table-bordered table-condensed table-striped\">\n<thead>\n<tr>\n<th align=\"left\">Vsebnost v dnevnem odmerku:<\/th>\n<th align=\"left\">1 kapsula<\/th>\n<th align=\"left\">% PDV*<\/th>\n<\/tr>\n<\/thead>\n<tbody>\n<tr>\n<td align=\"left\">\u017delezo<\/td>\n<td align=\"left\">14 mg<\/td>\n<td align=\"left\">100<\/td>\n<\/tr>\n<tr>\n<td align=\"left\">C vitamin<\/td>\n<td align=\"left\">40 mg<\/td>\n<td align=\"left\">50<\/td>\n<\/tr>\n<\/tbody>\n<\/table>\n<p>*% priporo\u010denega dnevnega vnosa v skladu z EU regulativo 1169\/2011<\/p>\n<p><strong>Opozorilo<\/strong><\/p>\n<p>\u017divilo ni nadomestilo za uravnote\u017eeno in raznovrstno prehrano. Pazite na zdrav \u017eivljenjski slog. Priporo\u010dene dnevne koli\u010dine oz. odmerka se ne sme prekora\u010diti.<\/p>\n<p>\u017divilo shranjujte v hladnem in suhem prostoru, za\u0161\u010diteno pred neposredno svetlobo.<\/p>\n<p>Shranjevati nedosegljivo otrokom!<\/p>\n<h4><strong>Kaj je zna\u010dilno za vse NICApur izdelke?<\/strong><\/h4>\n<p><strong>Princip \u010distih substanc<\/strong><br \/>\nVsi preparati NICApur so brez konzervansov in ostalih aditivov, zato imajo visoko biorazpolo\u017eljivost in se jih dobro prena\u0161a.<\/p>\n<p><strong>Recepture, ki temeljijo na znanosti<\/strong><br \/>\nIzdelki so zasnovani na znanstvenih dognanjih v sodelovanju z razli\u010dnimi strokami (znanstveniki).<\/p>\n<p><strong>Surovine vrhunske kakovosti<\/strong><br \/>\nMo\u010dna prednost so izklju\u010dno surovine vrhunske kakovosti kot na primer Kaneka Q10\u2122 in Kaneka QH10\u2122.<\/p>\n<p><strong>Kontrola kakovosti \/ varnosti<\/strong><br \/>\nNeodvisni, zunanji laboratorij LEFO preverja kakovost in varnost na\u0161ih izdelkov.<\/p>\n<p><strong>Narejeno v Avstriji<\/strong><br \/>\nNICApur je avstrijsko, dru\u017einsko podjetje, ki ima proizvodnjo v mestecu Lengau nedale\u010d od Salzburga.<\/p>\n<\/div>\n","protected":false},"excerpt":{"rendered":"<p>Prehransko dopolnilo, ki vsebuje \u017eelezo, pridobljeno iz rastlinskega vira, z naravnim vitaminom C iz izvle\u010dka indijske kosmulje (Phyllanthus emblica), 60 kapsul.<\/p>\n","protected":false},"featured_media":410,"template":"","meta":{"_et_pb_use_builder":"","_et_pb_old_content":"","_et_gb_content_width":"","inline_featured_image":false,"wds_primary_product_brand":0,"wds_primary_product_cat":0},"product_brand":[],"product_cat":[20,25],"product_tag":[],"class_list":{"0":"post-409","1":"product","2":"type-product","3":"status-publish","4":"has-post-thumbnail","6":"product_cat-nosecnost","7":"product_cat-slabokrvnost","9":"first","10":"outofstock","11":"taxable","12":"shipping-taxable","13":"purchasable","14":"product-type-simple"},"_links":{"self":[{"href":"https:\/\/potenza-medica.si\/trgovina\/wp-json\/wp\/v2\/product\/409","targetHints":{"allow":["GET"]}}],"collection":[{"href":"https:\/\/potenza-medica.si\/trgovina\/wp-json\/wp\/v2\/product"}],"about":[{"href":"https:\/\/potenza-medica.si\/trgovina\/wp-json\/wp\/v2\/types\/product"}],"wp:featuredmedia":[{"embeddable":true,"href":"https:\/\/potenza-medica.si\/trgovina\/wp-json\/wp\/v2\/media\/410"}],"wp:attachment":[{"href":"https:\/\/potenza-medica.si\/trgovina\/wp-json\/wp\/v2\/media?parent=409"}],"wp:term":[{"taxonomy":"product_brand","embeddable":true,"href":"https:\/\/potenza-medica.si\/trgovina\/wp-json\/wp\/v2\/product_brand?post=409"},{"taxonomy":"product_cat","embeddable":true,"href":"https:\/\/potenza-medica.si\/trgovina\/wp-json\/wp\/v2\/product_cat?post=409"},{"taxonomy":"product_tag","embeddable":true,"href":"https:\/\/potenza-medica.si\/trgovina\/wp-json\/wp\/v2\/product_tag?post=409"}],"curies":[{"name":"wp","href":"https:\/\/api.w.org\/{rel}","templated":true}]}}