{"id":419,"date":"2020-10-20T14:25:34","date_gmt":"2020-10-20T14:25:34","guid":{"rendered":"https:\/\/potenza-medica.si\/trgovina\/?post_type=product&#038;p=419"},"modified":"2025-01-04T19:15:37","modified_gmt":"2025-01-04T19:15:37","slug":"profertil-female-28","status":"publish","type":"product","link":"https:\/\/potenza-medica.si\/trgovina\/izdelek\/profertil-female-28\/","title":{"rendered":"PROfertil female"},"content":{"rendered":"<p><strong>PROfertil<sup>\u00ae<\/sup>\u00a0female<\/strong>\u00a0s pomo\u010djo sestavin, ki so prilagojene posebnim prehranskim potrebam pred in v za\u010detku nose\u010dnosti, optimalno pripravi \u017eensko telo na nose\u010dnost, hkrati pa zagotavlja zadostno preskrbo s hranili, ki so za razvoj zarodka potrebna na za\u010detku nose\u010dnosti.<\/p>\n<p><strong>\u00a0<\/strong><strong>Sestava PROfertil\u00ae female<\/strong><\/p>\n<p>Zaradi posebne sestave in kombinacije hranil PROfertil\u00ae female podpira specifi\u010dne prehranske potrebe \u017eensk, ki bi rade zanosile.<\/p>\n<table width=\"963\">\n<tbody>\n<tr>\n<td width=\"293\"><strong>Sestava<\/strong><\/td>\n<td width=\"110\"><strong>na dan<\/strong><\/td>\n<td width=\"183\"><strong>PDV\/RDA*<\/strong><\/td>\n<\/tr>\n<tr>\n<td colspan=\"3\" width=\"586\">Tableta<\/td>\n<\/tr>\n<tr>\n<td width=\"293\">vitamin E<\/td>\n<td width=\"110\">30 mg<\/td>\n<td width=\"183\">250 %<\/td>\n<\/tr>\n<tr>\n<td width=\"293\">folna kislina<\/td>\n<td width=\"110\">800 mcg<\/td>\n<td width=\"183\">400 %<\/td>\n<\/tr>\n<tr>\n<td width=\"293\">selen<\/td>\n<td width=\"110\">70 mcg<\/td>\n<td width=\"183\">127 %<\/td>\n<\/tr>\n<tr>\n<td width=\"293\">koencim Q10<\/td>\n<td width=\"110\">30 mg<\/td>\n<td width=\"183\"><\/td>\n<\/tr>\n<tr>\n<td width=\"293\">katehini iz izvle\u010dka listov zelenega \u010daja<\/td>\n<td width=\"110\">4 mg<\/td>\n<td width=\"183\">\u2013<\/td>\n<\/tr>\n<tr>\n<td width=\"293\">glicirizin iz izvle\u010dka korenine sladkega korena<\/td>\n<td width=\"110\">12 mg<\/td>\n<td width=\"183\">\u2013<\/td>\n<\/tr>\n<tr>\n<td colspan=\"3\" width=\"586\">Mehka kapsula<\/td>\n<\/tr>\n<tr>\n<td width=\"293\">omega-3 ma\u0161\u010dobne kisline<\/td>\n<td width=\"110\">500 mg<\/td>\n<td width=\"183\">\u2013<\/td>\n<\/tr>\n<\/tbody>\n<\/table>\n<p>*PDV\/RDA = odstotek priporo\u010denega dnevnega vnosa<\/p>\n<p><strong>\u00a0<\/strong><strong>Omega-3 ma\u0161\u010dobne kisline:<\/strong><\/p>\n<p>Eikozapentaenojska kislina in dokozaheksaenojska kislina (EPA\/DHA, poglavitni sestavini omega-3 ma\u0161\u010dobnih kislin) imata vlogo pri delovanju srca. Dokozaheksaenojska kislina (DHA, ena poglavitnih sestavin omega-3 ma\u0161\u010dobnih kislin) ima vlogo pri delovanju mo\u017eganov. To je pomembno za mater za zdravo nose\u010dnost kot tudi za razvijajo\u010d zarodek oz. plod.<\/p>\n<p><strong>Folna kislina:<\/strong><\/p>\n<p>Vnos folne kisline pove\u010duje status folata pri materi. Nizek status folata pri materi predstavlja tveganje za razvoj po\u0161kodb nevralne cevi v zarodku.<\/p>\n<p>Prav tako ima folat vlogo pri delitvi celic. Ti procesi so vklju\u010deni v razvoj in rast zarodka in ploda.<\/p>\n<p>Folat prispeva k razvoju materinega tkiva med nose\u010dnostjo.<\/p>\n<p>Naslednji pomemben vidik priprave na nose\u010dnost je ta, da folat prispeva k zmanj\u0161evanju utrujenosti in iz\u010drpanosti.<\/p>\n<p><strong>Selen in vitamin E:<\/strong><\/p>\n<p><strong>\u00a0<\/strong>Selen in vitamin E imata vlogo pri za\u0161\u010diti celic pred oksidativnim stresom. Selen ima vlogo pri<\/p>\n<p>delovanju imunskega sistema. Obe vlogi sta pomembni pri pripravi na nose\u010dnost kot tudi za zdravo nose\u010dnost.<\/p>\n<p><strong>Navodilo za uporabo<\/strong><\/p>\n<p>Vzemite 1 mehko kapsulo in 1 tableto dnevno z ali po obroku z nekaj teko\u010dine. Najbolje ju je jemati hkrati. Priporo\u010dene dnevne koli\u010dine oz. odmerka se ne sme prekora\u010diti. \u010ce imate dodatna vpra\u0161anja, se posvetujte z zdravnikom.<\/p>\n<p><strong>Trajanje jemanja<\/strong><\/p>\n<p><strong>PROfertil\u00ae female<\/strong>\u00a0je potrebno jemati medtem ko posku\u0161ate zanositi, vse do zanositve.<\/p>\n<p><strong>Opozorilo<\/strong><\/p>\n<p>\u017divilo ni nadomestilo za uravnote\u017eeno in raznovrstno prehrano. Pazite na zdrav \u017eivljenjski slog.<\/p>\n<p>Priporo\u010dene dnevne koli\u010dine oz. odmerka se ne sme prekora\u010diti.<\/p>\n<p>\u017divilo shranjujte v hladnem in suhem prostoru, za\u0161\u010diteno pred neposredno svetlobo.<\/p>\n<p>Shranjevati nedosegljivo otrokom!<\/p>\n<p><strong>Pakiranje<\/strong><\/p>\n<p><strong>PROfertil\u00ae female\u00a0<\/strong>je na voljo v pakiranjih po 28 dnevnih odmerkov (mese\u010dno pakiranje) in 84<\/p>\n<p>dnevnih odmerkov (3-mese\u010dno pakiranje).<\/p>\n<p><strong>Vsebnost (neto):<\/strong><\/p>\n<p>28\/84 x mehka kapsula = 24.6 g \/ 73.9 g<\/p>\n<p>28\/84 x tableta\u00a0 = 23.9 g \/ 71.7 g<\/p>\n<p>Skupaj 56\/168 enot = 48.5 g \/\u00a0 145.6 g<\/p>\n<p><strong>Priprava na nose\u010dnost<\/strong><\/p>\n<p>Hormonalno ravnovesje pri \u017eenski je zapleten sistem, na katerega vplivajo \u0161tevilni faktorji. Poleg fiziolo\u0161kih in psiholo\u0161kih dejavnikov nanj vplivajo tudi zunanji dejavniki kot so stres, hrup, socialne droge (nikotin, alkohol ipd.), polutanti in socialno-ekonomski faktorji, ki jih je te\u017eko ovrednotiti. Vsi ti imajo lahko negativne u\u010dinke.<\/p>\n<p>Poglavitno vlogo pri zagotavljanju optimalnih pogojev za nose\u010dnost je mogo\u010de pripisati naslednjim faktorjem.<\/p>\n<p><strong>Priprava na nose\u010dnost s skladi\u0161\u010denjem potrebnih hranil:<\/strong><\/p>\n<p>\u010ce se \u017eenska pripravi na nose\u010dnost z jemanjem specifi\u010dnih hranil, lahko zagotovi optimalno preskrbo za svoje telo, hkrati pa poskrbi za ustrezno podlago za svojega dojen\u010dka. V idealnem primeru bi bilo potrebno vna\u0161ati folno kislino in omega-3 ma\u0161\u010dobne kisline v zadostni koli\u010dini \u017ee pred zanositvijo \u2013 najbolje \u017ee takrat, ko popolnoma dozori \u017eelja po zanositvi.<\/p>\n<p>Vnos folne kisline pove\u010duje status folata pri materi. Nizek status folata pri materi predstavlja tveganje za razvoj po\u0161kodb nevralne cevi v zarodku.<\/p>\n<p><strong>Redni ciklusi z ovulacijo:<\/strong><\/p>\n<p>Prvo polovico \u017eenskega ciklusa obvladuje estrogen. Pod vplivom tega hormona se telo pri\u010dne pripravljati na morebitno nose\u010dnost. Jaj\u010dna celica v jaj\u010dniku za\u010dne zoreti, debeli se endometrij. Z ovulacijo na 14-ti dan pri\u010dne druga polovica ciklusa, ki je pod vplivom progesterona. Jaj\u010dna celica potuje po jajcevodu do maternice. Na svoji poti je lahko oplojena s semen\u010dico. Hormon rumenega telesca (progesteron) prepre\u010duje zavra\u010danje endometrija in tako omogo\u010da nose\u010dnost v prvih dneh. \u010ce ne pride do oploditve, rumeno telesce odmre in telo se znebi nepotrebnega endometrija z menstrualno krvavitvijo. Po kon\u010dani krvavitvi se ciklus pri\u010dne znova.<\/p>\n<p>Prekomeren oksidativni stres moti zorenje jaj\u010dec, kar vodi do nerednih ciklusov in zmanj\u0161a verjetnost za oploditev. Selen in vitamin E imata vlogo pri za\u0161\u010diti celic pred oksidativnim stresom. Koencim Q10 prispeva k preskrbi jaj\u010dne celice z energijo. Na ta na\u010din sodelujejo pri normalizaciji ciklusa.<\/p>\n<p>Koencim Q10 je pomembno hranilo, ki zagotavlja primerno preskrbo mitohondrijev bodo\u010de matere z energijo. Telo lahko sicer samo tvori koencim Q10, vendar ta sposobnost z leti mo\u010dno upade. Tako je vnos s prehrano ali dopolnili izjemno pomemben. Kadar ni na voljo dovolj koencima Q10, lahko mitohondriji v jaj\u010dni celici ne delujejo ustrezno, kar lahko privede do slab\u0161e fiziolo\u0161ke aktivnosti jaj\u010deca. To pa, \u0161e posebej pri starej\u0161ih \u017eenskah, dodatno prispeva k zmanj\u0161anju plodnosti.<\/p>\n<p><strong>Optimalna nidacija (gnezdenje):<\/strong><\/p>\n<p>\u010ce je ja\u010dna celica oplojena in prispe v maternico, se lahko vgnezdi v vnaprej pripravljeno zadebeljeno sluznico. Zadostna zaloga progesterona zmanj\u0161uje zavra\u010danje na notranji povr\u0161ini maternice, saj sicer do zanositve ne bi moglo priti. Imunski sistem bodo\u010de mamice je v tem obdobju rahlo zavrt, tako da dele\u010da se jaj\u010dna celica ni prepoznana kot tuja in tako ni napadena in uni\u010dena. V tej zgodnji fazi nose\u010dnosti je zarodek zelo ob\u010dutljiv na po\u0161kodbo genotipa, kar bi prav tako lahko vodilo v izgubo nose\u010dnosti.<\/p>\n<p>Katehini, glicirizin in diosgenin imajo vpliv na nidacijo (gnezdenje) jaj\u010dne celice. Selen in vitamin E prispevata k za\u0161\u010diti celic pred oksidativnim stresom.<\/p>\n","protected":false},"excerpt":{"rendered":"<p>Prehransko dopolnilo, 28 tablet + 28 mehkih kapsul<\/p>\n","protected":false},"featured_media":420,"template":"","meta":{"_et_pb_use_builder":"","_et_pb_old_content":"","_et_gb_content_width":"","inline_featured_image":false,"wds_primary_product_brand":0,"wds_primary_product_cat":0},"product_brand":[],"product_cat":[21],"product_tag":[],"class_list":{"0":"post-419","1":"product","2":"type-product","3":"status-publish","4":"has-post-thumbnail","6":"product_cat-zenska-plodnost","8":"first","9":"instock","10":"featured","11":"taxable","12":"shipping-taxable","13":"purchasable","14":"product-type-variable","15":"has-default-attributes"},"_links":{"self":[{"href":"https:\/\/potenza-medica.si\/trgovina\/wp-json\/wp\/v2\/product\/419","targetHints":{"allow":["GET"]}}],"collection":[{"href":"https:\/\/potenza-medica.si\/trgovina\/wp-json\/wp\/v2\/product"}],"about":[{"href":"https:\/\/potenza-medica.si\/trgovina\/wp-json\/wp\/v2\/types\/product"}],"wp:featuredmedia":[{"embeddable":true,"href":"https:\/\/potenza-medica.si\/trgovina\/wp-json\/wp\/v2\/media\/420"}],"wp:attachment":[{"href":"https:\/\/potenza-medica.si\/trgovina\/wp-json\/wp\/v2\/media?parent=419"}],"wp:term":[{"taxonomy":"product_brand","embeddable":true,"href":"https:\/\/potenza-medica.si\/trgovina\/wp-json\/wp\/v2\/product_brand?post=419"},{"taxonomy":"product_cat","embeddable":true,"href":"https:\/\/potenza-medica.si\/trgovina\/wp-json\/wp\/v2\/product_cat?post=419"},{"taxonomy":"product_tag","embeddable":true,"href":"https:\/\/potenza-medica.si\/trgovina\/wp-json\/wp\/v2\/product_tag?post=419"}],"curies":[{"name":"wp","href":"https:\/\/api.w.org\/{rel}","templated":true}]}}